{"id":5,"date":"2023-10-18T16:11:33","date_gmt":"2023-10-18T14:11:33","guid":{"rendered":"https:\/\/desbonnet-exterieur.fr\/index.php\/one-page-express\/"},"modified":"2025-12-05T21:29:52","modified_gmt":"2025-12-05T20:29:52","slug":"one-page-express","status":"publish","type":"page","link":"https:\/\/desbonnet-exterieur.fr\/","title":{"rendered":"Accueil"},"content":{"rendered":"<div id=\"overlapable-2\" class=\"features-coloured-icon-boxes-section\" style=\"background-color: #ffffff;\" data-label=\"Overlapable\" data-id=\"stripped-coloured-icon-boxes\" data-category=\"overlapable\" data-overlap=\"true\">\n<div class=\"gridContainer\">\n<div class=\"features-coloured-icon-boxes-innerrow flexbox-list dark-text\" data-type=\"row\">\n<div class=\"features-coloured-icon-boxes-featurecol cp3cols\"><i class=\"fa cp-icon fa1 fa-cubes\"><\/i>\n<h4 class=\"\">Am\u00e9nagement de terrasse en\ngr\u00e8s c\u00e9ramique ou pierre bleue<\/h4>\n<\/div>\n<div class=\"features-coloured-icon-boxes-featurecol cp3cols\"><i class=\"fa cp-icon fa1 fa-windows\"><\/i>\n<h4 class=\"\">Pose de clotures rigides<\/h4>\n<\/div>\n<div class=\"features-coloured-icon-boxes-featurecol cp3cols\"><i class=\"fa cp-icon fa1 fa-window-minimize\"><\/i>\n<h4 class=\"\">R\u00e9alisation de Terrassement et dalle b\u00e9ton<\/h4>\n<\/div>\n<div class=\"features-coloured-icon-boxes-featurecol cp3cols\"><i class=\"fa cp-icon fa1 fa-cut\"><\/i>\n<h4 class=\"\">Travaux de jardin : engazonnement, \u00e9lagage, plantation, entretien courant \u2026<\/h4>\n<img loading=\"lazy\" decoding=\"async\" class=\"alignnone size-medium wp-image-36\" src=\"http:\/\/desbonnet-exterieur.fr\/wp-content\/uploads\/2024\/07\/IMG-20240714-WA0003-300x300.jpg\" alt=\"\" width=\"300\" height=\"300\" srcset=\"https:\/\/desbonnet-exterieur.fr\/wp-content\/uploads\/2024\/07\/IMG-20240714-WA0003-300x300.jpg 300w, https:\/\/desbonnet-exterieur.fr\/wp-content\/uploads\/2024\/07\/IMG-20240714-WA0003-1024x1024.jpg 1024w, https:\/\/desbonnet-exterieur.fr\/wp-content\/uploads\/2024\/07\/IMG-20240714-WA0003-150x150.jpg 150w, https:\/\/desbonnet-exterieur.fr\/wp-content\/uploads\/2024\/07\/IMG-20240714-WA0003-768x768.jpg 768w, https:\/\/desbonnet-exterieur.fr\/wp-content\/uploads\/2024\/07\/IMG-20240714-WA0003-1080x1080.jpg 1080w, https:\/\/desbonnet-exterieur.fr\/wp-content\/uploads\/2024\/07\/IMG-20240714-WA0003.jpg 1200w\" sizes=\"auto, (max-width: 300px) 100vw, 300px\" \/>\n\n<\/div>\n<\/div>\n<\/div>\n<\/div>\n<div id=\"content-3\" class=\"content-left-image-section\" style=\"background-color: #ffffff;\" data-label=\"Content\" data-id=\"content-image-left\" data-category=\"content\">\n<div class=\"gridContainer\">\n<div class=\"row\">\n<div class=\"content-left-image-imgcol\" data-type=\"column\"><img decoding=\"async\" class=\"\" src=\"http:\/\/desbonnet-exterieur.fr\/wp-content\/uploads\/2023\/10\/IMG_20230924_124638-scaled.jpg\" alt=\"\" \/><\/div>\n<div class=\"content-left-image-textcol dynamic-color\" data-type=\"column\">\n<h2 class=\"\">Am\u00e9nagement de terrasse<\/h2>\n<p class=\"large_text\">Enrob\u00e9 d\u2019all\u00e9e de jardin, cour, terrasse je vous accompagne dans vos projets de terassement et pose de terrasse en gr\u00e8s c\u00e9rame ou pierre bleue<\/p>\n\n<\/div>\n<\/div>\n<\/div>\n<\/div>\n<div id=\"content-4\" class=\"content-right-image-section\" style=\"background-color: #f6f6f6;\" data-label=\"Content\" data-id=\"content-image-right\" data-category=\"content\">\n<div class=\"gridContainer\">\n<div class=\"content-right-image-gridcol\">\n<div class=\"content-right-image-textcol dynamic-color\" data-type=\"column\">\n<h2 class=\"\">Choix et installation de cl\u00f4tures<\/h2>\n<p class=\"large_text\">Se prot\u00e9ger des regards indiscrets, pr\u00e9server votre intimit\u00e9, gage de s\u00e9curit\u00e9 contre les intrusions sont de vrais \u00e9l\u00e9ments de confort au quotidien dont permet la cl\u00f4ture<\/p>\n<img loading=\"lazy\" decoding=\"async\" class=\"alignnone size-medium wp-image-37\" src=\"http:\/\/desbonnet-exterieur.fr\/wp-content\/uploads\/2024\/07\/IMG-20240712-WA0003-300x225.jpg\" alt=\"\" width=\"300\" height=\"225\" srcset=\"https:\/\/desbonnet-exterieur.fr\/wp-content\/uploads\/2024\/07\/IMG-20240712-WA0003-300x225.jpg 300w, https:\/\/desbonnet-exterieur.fr\/wp-content\/uploads\/2024\/07\/IMG-20240712-WA0003-768x576.jpg 768w, https:\/\/desbonnet-exterieur.fr\/wp-content\/uploads\/2024\/07\/IMG-20240712-WA0003.jpg 1024w\" sizes=\"auto, (max-width: 300px) 100vw, 300px\" \/> <img loading=\"lazy\" decoding=\"async\" class=\"alignnone size-medium wp-image-38\" src=\"http:\/\/desbonnet-exterieur.fr\/wp-content\/uploads\/2024\/07\/IMG-20240712-WA0002-225x300.jpg\" alt=\"\" width=\"225\" height=\"300\" srcset=\"https:\/\/desbonnet-exterieur.fr\/wp-content\/uploads\/2024\/07\/IMG-20240712-WA0002-225x300.jpg 225w, https:\/\/desbonnet-exterieur.fr\/wp-content\/uploads\/2024\/07\/IMG-20240712-WA0002-768x1024.jpg 768w, https:\/\/desbonnet-exterieur.fr\/wp-content\/uploads\/2024\/07\/IMG-20240712-WA0002-1152x1536.jpg 1152w, https:\/\/desbonnet-exterieur.fr\/wp-content\/uploads\/2024\/07\/IMG-20240712-WA0002-1024x1365.jpg 1024w, https:\/\/desbonnet-exterieur.fr\/wp-content\/uploads\/2024\/07\/IMG-20240712-WA0002-810x1080.jpg 810w, https:\/\/desbonnet-exterieur.fr\/wp-content\/uploads\/2024\/07\/IMG-20240712-WA0002.jpg 1200w\" sizes=\"auto, (max-width: 225px) 100vw, 225px\" \/>\n\n<img loading=\"lazy\" decoding=\"async\" class=\"alignnone size-medium wp-image-43\" src=\"http:\/\/desbonnet-exterieur.fr\/wp-content\/uploads\/2025\/12\/IMG-20251203-WA0014-225x300.jpg\" alt=\"\" width=\"225\" height=\"300\" srcset=\"https:\/\/desbonnet-exterieur.fr\/wp-content\/uploads\/2025\/12\/IMG-20251203-WA0014-225x300.jpg 225w, https:\/\/desbonnet-exterieur.fr\/wp-content\/uploads\/2025\/12\/IMG-20251203-WA0014-768x1024.jpg 768w, https:\/\/desbonnet-exterieur.fr\/wp-content\/uploads\/2025\/12\/IMG-20251203-WA0014-1152x1536.jpg 1152w, https:\/\/desbonnet-exterieur.fr\/wp-content\/uploads\/2025\/12\/IMG-20251203-WA0014-1024x1365.jpg 1024w, https:\/\/desbonnet-exterieur.fr\/wp-content\/uploads\/2025\/12\/IMG-20251203-WA0014-810x1080.jpg 810w, https:\/\/desbonnet-exterieur.fr\/wp-content\/uploads\/2025\/12\/IMG-20251203-WA0014.jpg 1530w\" sizes=\"auto, (max-width: 225px) 100vw, 225px\" \/>\n\n<\/div>\n<div class=\"content-right-image-imgcol\" data-type=\"column\"><\/div>\n<\/div>\n<\/div>\n<\/div>\n<div id=\"testimonials-2\" class=\"testimonials-full-section\" style=\"background-color: #f6f6f6;\" data-label=\"Testimonials\" data-id=\"testimonials-full-section\" data-category=\"testimonials\">\n<div class=\"testimonials-full-section\">\n<div class=\"testimonials-full-textrow dynamic-color\">\n<div class=\"testimonials-full-textcol\" data-type=\"column\">\n<h2 class=\"\">Contact<\/h2>\n<\/div>\n<\/div>\n<div class=\"testimonials-full-itemsrow dynamic-color\" data-type=\"row\">\n<div class=\"testimonials-full-itemcol cp4cols cp6cols-tablet\">\n<div class=\"testimonials-full-imgcol\"><img decoding=\"async\" class=\"testimonials-full-itemimg\" src=\"http:\/\/desbonnet-exterieur.fr\/wp-content\/uploads\/2023\/10\/cropped-cropped-facebook_1697640178996_7120418993326088753.jpg\" alt=\"\" data-size=\"500x500\" \/><\/div>\n<div class=\"testimonials-full-itemtextcol\" data-type=\"column\">\n<p class=\"\">Contactez moi pour \u00e9changer sur votre projet.<\/p>\nPar t\u00e9l\u00e9phone :\n06 26 11 26 48\n\nPar email : thibaut.desbonnet@hotmail.fr\n<h5 class=\"testimonials-full-nametext\">Thibaut Desbonnet<\/h5>\n<h6 class=\"testimonials-full-postext\">G\u00e9rant<\/h6>\n<a class=\"button blue\" href=\"https:\/\/www.instagram.com\/desbonnet_exterieur\" target=\"_blank\" rel=\"noopener\">Suivez moi sur Instagram<\/a>\n\n<\/div>\n<\/div>\n<\/div>\n<\/div>\n<\/div>","protected":false},"excerpt":{"rendered":"<p>Am\u00e9nagement de terrasse en gr\u00e8s c\u00e9ramique ou pierre bleue Pose de clotures rigides R\u00e9alisation de Terrassement et dalle b\u00e9ton Travaux de jardin : engazonnement, \u00e9lagage, plantation, entretien courant \u2026 Am\u00e9nagement de terrasse Enrob\u00e9 d\u2019all\u00e9e de jardin, cour, terrasse je vous accompagne dans vos projets de terassement et pose de terrasse en gr\u00e8s c\u00e9rame ou pierre&hellip; <br \/> <a class=\"button small blue\" href=\"https:\/\/desbonnet-exterieur.fr\/index.php\/2023\/10\/12\/bonjour-tout-le-monde\/\">Read more<\/a><\/p>\n","protected":false},"author":1,"featured_media":0,"parent":0,"menu_order":0,"comment_status":"closed","ping_status":"closed","template":"","meta":{"footnotes":""},"class_list":["post-5","page","type-page","status-publish","hentry"],"_links":{"self":[{"href":"https:\/\/desbonnet-exterieur.fr\/index.php\/wp-json\/wp\/v2\/pages\/5","targetHints":{"allow":["GET"]}}],"collection":[{"href":"https:\/\/desbonnet-exterieur.fr\/index.php\/wp-json\/wp\/v2\/pages"}],"about":[{"href":"https:\/\/desbonnet-exterieur.fr\/index.php\/wp-json\/wp\/v2\/types\/page"}],"author":[{"embeddable":true,"href":"https:\/\/desbonnet-exterieur.fr\/index.php\/wp-json\/wp\/v2\/users\/1"}],"replies":[{"embeddable":true,"href":"https:\/\/desbonnet-exterieur.fr\/index.php\/wp-json\/wp\/v2\/comments?post=5"}],"version-history":[{"count":7,"href":"https:\/\/desbonnet-exterieur.fr\/index.php\/wp-json\/wp\/v2\/pages\/5\/revisions"}],"predecessor-version":[{"id":44,"href":"https:\/\/desbonnet-exterieur.fr\/index.php\/wp-json\/wp\/v2\/pages\/5\/revisions\/44"}],"wp:attachment":[{"href":"https:\/\/desbonnet-exterieur.fr\/index.php\/wp-json\/wp\/v2\/media?parent=5"}],"curies":[{"name":"wp","href":"https:\/\/api.w.org\/{rel}","templated":true}]}}